{"id":5689,"date":"2022-04-21T13:09:23","date_gmt":"2022-04-21T11:09:23","guid":{"rendered":"http:\/\/marbellaboatcharter.com\/luxury-cruising\/"},"modified":"2025-05-26T10:31:09","modified_gmt":"2025-05-26T08:31:09","slug":"croisiere-luxe","status":"publish","type":"page","link":"https:\/\/marbellaboatcharter.com\/fr\/croisiere-luxe\/","title":{"rendered":"Croisi\u00e8re de Luxe"},"content":{"rendered":"\t\t<div data-elementor-type=\"wp-page\" data-elementor-id=\"5689\" class=\"elementor elementor-5689 elementor-1503\" data-elementor-post-type=\"page\">\n\t\t\t\t\t\t<section class=\"elementor-section elementor-top-section elementor-element elementor-element-53bd4f7 elementor-section-height-min-height elementor-section-boxed elementor-section-height-default elementor-section-items-middle\" data-id=\"53bd4f7\" data-element_type=\"section\" data-e-type=\"section\" data-settings=\"\">\n\t\t\t\t\t\t<div class=\"elementor-container elementor-column-gap-default\">\n\t\t\t\t\t<div class=\"elementor-column elementor-col-100 elementor-top-column elementor-element elementor-element-96aaabe\" data-id=\"96aaabe\" data-element_type=\"column\" data-e-type=\"column\">\n\t\t\t<div class=\"elementor-widget-wrap\">\n\t\t\t\t\t\t\t<\/div>\n\t\t<\/div>\n\t\t\t\t\t<\/div>\n\t\t<\/section>\n\t\t\t\t<section class=\"elementor-section elementor-top-section elementor-element elementor-element-1f3307a elementor-section-boxed elementor-section-height-default elementor-section-height-default\" data-id=\"1f3307a\" data-element_type=\"section\" data-e-type=\"section\" data-settings=\"{&quot;jet_parallax_layout_list&quot;:[]}\">\n\t\t\t\t\t\t<div class=\"elementor-container elementor-column-gap-default\">\n\t\t\t\t\t<div class=\"jet-sticky-column elementor-column elementor-col-50 elementor-top-column elementor-element elementor-element-8f9348e\" data-jet-settings=\"{&quot;id&quot;:&quot;8f9348e&quot;,&quot;sticky&quot;:true,&quot;topSpacing&quot;:50,&quot;bottomSpacing&quot;:50,&quot;stickyOn&quot;:[&quot;desktop&quot;],&quot;behavior&quot;:&quot;default&quot;,&quot;zIndex&quot;:1100}\" data-id=\"8f9348e\" data-element_type=\"column\" data-e-type=\"column\">\n\t\t\t<div class=\"elementor-widget-wrap elementor-element-populated\">\n\t\t\t\t\t\t<div class=\"elementor-element elementor-element-7a4b7bc elementor-widget elementor-widget-heading\" data-id=\"7a4b7bc\" data-element_type=\"widget\" data-e-type=\"widget\" data-widget_type=\"heading.default\">\n\t\t\t\t<div class=\"elementor-widget-container\">\n\t\t\t\t\t<h1 class=\"elementor-heading-title elementor-size-default\">Croisi\u00e8re de Luxe<\/h1>\t\t\t\t<\/div>\n\t\t\t\t<\/div>\n\t\t\t\t<div class=\"elementor-element elementor-element-4655cd4 elementor-widget elementor-widget-text-editor\" data-id=\"4655cd4\" data-element_type=\"widget\" data-e-type=\"widget\" data-widget_type=\"text-editor.default\">\n\t\t\t\t<div class=\"elementor-widget-container\">\n\t\t\t\t\t\t\t\t\t<p>Profitez d\u2019un moment de d\u00e9tente en mer, d\u2019un voyage le long de la c\u00f4te en prenant un bain de soleil, en vous arr\u00eatant pour vous baigner o\u00f9 vous le souhaitez. Savourez de d\u00e9licieux plats sur un yacht de luxe ou, si vous le souhaitez, visitez les c\u00e9l\u00e8bres bars de plage \u00e0 bord de votre propre yacht avec l\u2019\u00e9quipage \u00e0 votre disposition.<\/p><p>Admirez les vues de Marbella et de Puerto Banus depuis la mer, depuis le pont de votre propre yacht.<\/p><p>Vous pouvez louer un yacht pour une demi-journ\u00e9e (4 heures), une journ\u00e9e (8 heures) ou plusieurs jours.<\/p><p>Dans les charters de <strong>4 heures<\/strong>, nous naviguons normalement autour de la baie de Marbella, en partant de Puerto Banus, nous commen\u00e7ons \u00e0 naviguer vers l\u2019est le long de la c\u00f4te, en passant par le Golden Mile, la ville de Marbella et en se dirigeant vers Cabo Pino, afin que vous puissiez conna\u00eetre toute la ligne de c\u00f4te autour de Marbella, le long du chemin, vous pouvez vous arr\u00eater si vous aimez nager et vous d\u00e9tendre. Vous pourrez ensuite naviguer \u00e0 la recherche de dauphins, que nous apercevons en moyenne 65 % du temps, avant de rentrer au port.<\/p><p>Pendant le voyage de <strong>8 heures<\/strong>, nous recommandons normalement de naviguer vers Gibraltar, ce qui vous donne la chance de conna\u00eetre tout le c\u00f4t\u00e9 sud-ouest de la Costa del Sol, de voir le rocher de Gibraltar, le d\u00e9troit et l\u2019Afrique en face. Vous pouvez vous arr\u00eater dans l\u2019une des marinas le long de la route et y d\u00e9jeuner. Il y a \u00e9galement de bonnes chances de trouver des dauphins sur cette route, vous pouvez vous arr\u00eater \u00e0 diff\u00e9rents endroits pour vous baigner et vous d\u00e9tendre en cours de route.<\/p><p>Si vous souhaitez louer un yacht pour plusieurs jours, nous pouvons vous sugg\u00e9rer diff\u00e9rentes options pour que vous puissiez profiter et conna\u00eetre les meilleurs endroits de la r\u00e9gion pendant que vous \u00eates \u00e0 bord, selon vos pr\u00e9f\u00e9rences.<\/p>\t\t\t\t\t\t\t\t<\/div>\n\t\t\t\t<\/div>\n\t\t\t\t<div class=\"elementor-element elementor-element-0572e49 elementor-widget-divider--view-line elementor-widget elementor-widget-divider\" data-id=\"0572e49\" data-element_type=\"widget\" data-e-type=\"widget\" data-widget_type=\"divider.default\">\n\t\t\t\t<div class=\"elementor-widget-container\">\n\t\t\t\t\t\t\t<div class=\"elementor-divider\">\n\t\t\t<span class=\"elementor-divider-separator\">\n\t\t\t\t\t\t<\/span>\n\t\t<\/div>\n\t\t\t\t\t\t<\/div>\n\t\t\t\t<\/div>\n\t\t\t\t<div class=\"jet-popup-target elementor-element elementor-element-6d66430 elementor-align-left elementor-mobile-align-left elementor-widget elementor-widget-button\" data-jet-popup=\"{&quot;attached-popup&quot;:&quot;jet-popup-19009&quot;,&quot;trigger-type&quot;:&quot;click&quot;,&quot;trigger-custom-selector&quot;:&quot;&quot;,&quot;loop-dynamic-popup&quot;:false}\" data-id=\"6d66430\" data-element_type=\"widget\" data-e-type=\"widget\" data-widget_type=\"button.default\">\n\t\t\t\t<div class=\"elementor-widget-container\">\n\t\t\t\t\t\t\t\t\t<div class=\"elementor-button-wrapper\">\n\t\t\t\t\t<a class=\"elementor-button elementor-button-link elementor-size-sm\" href=\"\/fr\/contact\/\">\n\t\t\t\t\t\t<span class=\"elementor-button-content-wrapper\">\n\t\t\t\t\t\t<span class=\"elementor-button-icon\">\n\t\t\t\t<i aria-hidden=\"true\" class=\"fas fa-hand-point-right\"><\/i>\t\t\t<\/span>\n\t\t\t\t\t\t\t\t\t<span class=\"elementor-button-text\">CONTACTEZ-NOUS D\u00c8S MAINTENANT<\/span>\n\t\t\t\t\t<\/span>\n\t\t\t\t\t<\/a>\n\t\t\t\t<\/div>\n\t\t\t\t\t\t\t\t<\/div>\n\t\t\t\t<\/div>\n\t\t\t\t<div class=\"elementor-element elementor-element-c9a67df elementor-icon-list--layout-inline elementor-align-start elementor-list-item-link-full_width elementor-widget elementor-widget-icon-list\" data-id=\"c9a67df\" data-element_type=\"widget\" data-e-type=\"widget\" data-widget_type=\"icon-list.default\">\n\t\t\t\t<div class=\"elementor-widget-container\">\n\t\t\t\t\t\t\t<ul class=\"elementor-icon-list-items elementor-inline-items\">\n\t\t\t\t\t\t\t<li class=\"elementor-icon-list-item elementor-inline-item\">\n\t\t\t\t\t\t\t\t\t\t\t<a href=\"tel:+34952865592\">\n\n\t\t\t\t\t\t\t\t\t\t\t<span class=\"elementor-icon-list-text\">+34 952 865 592<\/span>\n\t\t\t\t\t\t\t\t\t\t\t<\/a>\n\t\t\t\t\t\t\t\t\t<\/li>\n\t\t\t\t\t\t\t\t<li class=\"elementor-icon-list-item elementor-inline-item\">\n\t\t\t\t\t\t\t\t\t\t\t<a href=\"tel:+34682252526%20\">\n\n\t\t\t\t\t\t\t\t\t\t\t<span class=\"elementor-icon-list-text\">+34 682 25 25 26 <\/span>\n\t\t\t\t\t\t\t\t\t\t\t<\/a>\n\t\t\t\t\t\t\t\t\t<\/li>\n\t\t\t\t\t\t<\/ul>\n\t\t\t\t\t\t<\/div>\n\t\t\t\t<\/div>\n\t\t\t\t<div class=\"elementor-element elementor-element-1762b12 e-grid-align-left e-grid-align-mobile-left elementor-shape-rounded elementor-grid-0 elementor-widget elementor-widget-social-icons\" data-id=\"1762b12\" data-element_type=\"widget\" data-e-type=\"widget\" data-widget_type=\"social-icons.default\">\n\t\t\t\t<div class=\"elementor-widget-container\">\n\t\t\t\t\t\t\t<div class=\"elementor-social-icons-wrapper elementor-grid\" role=\"list\">\n\t\t\t\t\t\t\t<span class=\"elementor-grid-item\" role=\"listitem\">\n\t\t\t\t\t<a class=\"elementor-icon elementor-social-icon elementor-social-icon-whatsapp elementor-repeater-item-3023c23\" href=\"https:\/\/api.whatsapp.com\/send?phone=34682252526&#038;text=\" target=\"_blank\" rel=\"nofollow noopener\">\n\t\t\t\t\t\t<span class=\"elementor-screen-only\">Whatsapp<\/span>\n\t\t\t\t\t\t<i aria-hidden=\"true\" class=\"fab fa-whatsapp\"><\/i>\t\t\t\t\t<\/a>\n\t\t\t\t<\/span>\n\t\t\t\t\t\t\t<span class=\"elementor-grid-item\" role=\"listitem\">\n\t\t\t\t\t<a class=\"elementor-icon elementor-social-icon elementor-social-icon-facebook-f elementor-repeater-item-841f2db\" href=\"https:\/\/www.facebook.com\/marbellaboatcharter.SL\/\" target=\"_blank\" rel=\"nofollow noopener\">\n\t\t\t\t\t\t<span class=\"elementor-screen-only\">Facebook-f<\/span>\n\t\t\t\t\t\t<i aria-hidden=\"true\" class=\"fab fa-facebook-f\"><\/i>\t\t\t\t\t<\/a>\n\t\t\t\t<\/span>\n\t\t\t\t\t\t\t<span class=\"elementor-grid-item\" role=\"listitem\">\n\t\t\t\t\t<a class=\"elementor-icon elementor-social-icon elementor-social-icon-instagram elementor-repeater-item-86d3733\" href=\"https:\/\/www.instagram.com\/marbellaboatcharter\/\" target=\"_blank\" rel=\"nofollow noopener\">\n\t\t\t\t\t\t<span class=\"elementor-screen-only\">Instagram<\/span>\n\t\t\t\t\t\t<i aria-hidden=\"true\" class=\"fab fa-instagram\"><\/i>\t\t\t\t\t<\/a>\n\t\t\t\t<\/span>\n\t\t\t\t\t\t\t<span class=\"elementor-grid-item\" role=\"listitem\">\n\t\t\t\t\t<a class=\"elementor-icon elementor-social-icon elementor-social-icon-twitter elementor-repeater-item-d17449c\" href=\"https:\/\/twitter.com\/MarbellaBoat\" target=\"_blank\" rel=\"nofollow noopener\">\n\t\t\t\t\t\t<span class=\"elementor-screen-only\">Twitter<\/span>\n\t\t\t\t\t\t<i aria-hidden=\"true\" class=\"fab fa-twitter\"><\/i>\t\t\t\t\t<\/a>\n\t\t\t\t<\/span>\n\t\t\t\t\t\t\t<span class=\"elementor-grid-item\" role=\"listitem\">\n\t\t\t\t\t<a class=\"elementor-icon elementor-social-icon elementor-social-icon-youtube elementor-repeater-item-fefee35\" href=\"https:\/\/www.youtube.com\/channel\/UCZcD4lp__72oZRh6KGstR-A\" target=\"_blank\" rel=\"nofollow noopener\">\n\t\t\t\t\t\t<span class=\"elementor-screen-only\">Youtube<\/span>\n\t\t\t\t\t\t<i aria-hidden=\"true\" class=\"fab fa-youtube\"><\/i>\t\t\t\t\t<\/a>\n\t\t\t\t<\/span>\n\t\t\t\t\t\t\t<span class=\"elementor-grid-item\" role=\"listitem\">\n\t\t\t\t\t<a class=\"elementor-icon elementor-social-icon elementor-social-icon-tripadvisor elementor-repeater-item-e699ccc\" href=\"https:\/\/www.tripadvisor.es\/Attraction_Review-g187439-d7034622-Reviews-Marbella_Boat_Charter-Marbella_Costa_del_Sol_Province_of_Malaga_Andalucia.html\" target=\"_blank\" rel=\"nofollow noopener\">\n\t\t\t\t\t\t<span class=\"elementor-screen-only\">Tripadvisor<\/span>\n\t\t\t\t\t\t<i aria-hidden=\"true\" class=\"fab fa-tripadvisor\"><\/i>\t\t\t\t\t<\/a>\n\t\t\t\t<\/span>\n\t\t\t\t\t<\/div>\n\t\t\t\t\t\t<\/div>\n\t\t\t\t<\/div>\n\t\t\t\t\t<\/div>\n\t\t<\/div>\n\t\t\t\t<div class=\"elementor-column elementor-col-50 elementor-top-column elementor-element elementor-element-5971b94\" data-id=\"5971b94\" data-element_type=\"column\" data-e-type=\"column\">\n\t\t\t<div class=\"elementor-widget-wrap elementor-element-populated\">\n\t\t\t\t\t\t<div class=\"elementor-element elementor-element-18f2902 elementor-widget elementor-widget-jet-images-layout\" data-id=\"18f2902\" data-element_type=\"widget\" data-e-type=\"widget\" data-settings=\"{&quot;columns&quot;:&quot;1&quot;,&quot;columns_tablet&quot;:&quot;2&quot;}\" data-widget_type=\"jet-images-layout.default\">\n\t\t\t\t<div class=\"elementor-widget-container\">\n\t\t\t\t\t<div class=\"elementor-jet-images-layout jet-elements\">\n<div class=\"jet-images-layout layout-type-grid\" data-settings='{&quot;layoutType&quot;:&quot;grid&quot;,&quot;justifyHeight&quot;:300}'>\n\t<div class=\"jet-images-layout__list col-row disable-cols-gap disable-rows-gap column-desktop-1 column-tablet-2 column-mobile-1\" >\n<div class=\"jet-images-layout__item col-desk-1 col-tab-2\">\n\t<div class=\"jet-images-layout__inner\">\n\t\t<div class=\"jet-images-layout__image-loader\"><span><\/span><\/div>\n\t\t<a class=\"jet-images-layout__link \" href=\"http:\/\/marbellaboatcharter.com\/wp-content\/uploads\/2022\/04\/Luxury-cruising_-Marbella-Boat-Charter.jpg\" data-elementor-open-lightbox=\"yes\" data-elementor-lightbox-slideshow=\"18f2902\">\n\t\t\t<div class=\"jet-images-layout__image\">\n\t\t\t\t<img decoding=\"async\" class=\"jet-images-layout__image-instance\" src=\"https:\/\/marbellaboatcharter.com\/wp-content\/uploads\/2022\/04\/Luxury-cruising_-Marbella-Boat-Charter.jpg\" alt=\"Luxury-cruising_-Marbella-Boat-Charter\" loading=\"lazy\" title=\"\">\t\t\t<\/div>\n\t\t\t<div class=\"jet-images-layout__content\"><\/div>\n\t\t<\/a>\n\t<\/div>\n<\/div>\n<div class=\"jet-images-layout__item col-desk-1 col-tab-2\">\n\t<div class=\"jet-images-layout__inner\">\n\t\t<div class=\"jet-images-layout__image-loader\"><span><\/span><\/div>\n\t\t<a class=\"jet-images-layout__link \" href=\"http:\/\/marbellaboatcharter.com\/wp-content\/uploads\/2022\/04\/crucero-en-yate-marbella.jpg\" data-elementor-open-lightbox=\"yes\" data-elementor-lightbox-slideshow=\"18f2902\">\n\t\t\t<div class=\"jet-images-layout__image\">\n\t\t\t\t<img decoding=\"async\" class=\"jet-images-layout__image-instance\" src=\"https:\/\/marbellaboatcharter.com\/wp-content\/uploads\/2022\/04\/crucero-en-yate-marbella.jpg\" alt=\"crucero-en-yate-marbella\" loading=\"lazy\" title=\"\">\t\t\t<\/div>\n\t\t\t<div class=\"jet-images-layout__content\"><\/div>\n\t\t<\/a>\n\t<\/div>\n<\/div>\n<div class=\"jet-images-layout__item col-desk-1 col-tab-2\">\n\t<div class=\"jet-images-layout__inner\">\n\t\t<div class=\"jet-images-layout__image-loader\"><span><\/span><\/div>\n\t\t<a class=\"jet-images-layout__link \" href=\"http:\/\/marbellaboatcharter.com\/wp-content\/uploads\/2022\/04\/Luxury-cruising-5-Marbella-Yacht-Charter.jpg\" data-elementor-open-lightbox=\"yes\" data-elementor-lightbox-slideshow=\"18f2902\">\n\t\t\t<div class=\"jet-images-layout__image\">\n\t\t\t\t<img decoding=\"async\" class=\"jet-images-layout__image-instance\" src=\"https:\/\/marbellaboatcharter.com\/wp-content\/uploads\/2022\/04\/Luxury-cruising-5-Marbella-Yacht-Charter.jpg\" alt=\"Luxury-cruising-5-Marbella-Yacht-Charter\" loading=\"lazy\" title=\"\">\t\t\t<\/div>\n\t\t\t<div class=\"jet-images-layout__content\"><\/div>\n\t\t<\/a>\n\t<\/div>\n<\/div>\n<div class=\"jet-images-layout__item col-desk-1 col-tab-2\">\n\t<div class=\"jet-images-layout__inner\">\n\t\t<div class=\"jet-images-layout__image-loader\"><span><\/span><\/div>\n\t\t<a class=\"jet-images-layout__link \" href=\"http:\/\/marbellaboatcharter.com\/wp-content\/uploads\/2022\/04\/luxury-cruising-marbella.jpg\" data-elementor-open-lightbox=\"yes\" data-elementor-lightbox-slideshow=\"18f2902\">\n\t\t\t<div class=\"jet-images-layout__image\">\n\t\t\t\t<img decoding=\"async\" class=\"jet-images-layout__image-instance\" src=\"https:\/\/marbellaboatcharter.com\/wp-content\/uploads\/2022\/04\/luxury-cruising-marbella.jpg\" alt=\"luxury-cruising-marbella\" loading=\"lazy\" title=\"\">\t\t\t<\/div>\n\t\t\t<div class=\"jet-images-layout__content\"><\/div>\n\t\t<\/a>\n\t<\/div>\n<\/div>\n<div class=\"jet-images-layout__item col-desk-1 col-tab-2\">\n\t<div class=\"jet-images-layout__inner\">\n\t\t<div class=\"jet-images-layout__image-loader\"><span><\/span><\/div>\n\t\t<a class=\"jet-images-layout__link \" href=\"http:\/\/marbellaboatcharter.com\/wp-content\/uploads\/2022\/04\/luxury-cruising-image.jpg\" data-elementor-open-lightbox=\"yes\" data-elementor-lightbox-slideshow=\"18f2902\">\n\t\t\t<div class=\"jet-images-layout__image\">\n\t\t\t\t<img decoding=\"async\" class=\"jet-images-layout__image-instance\" src=\"https:\/\/marbellaboatcharter.com\/wp-content\/uploads\/2022\/04\/luxury-cruising-image.jpg\" alt=\"luxury-cruising-image\" loading=\"lazy\" title=\"\">\t\t\t<\/div>\n\t\t\t<div class=\"jet-images-layout__content\"><\/div>\n\t\t<\/a>\n\t<\/div>\n<\/div>\n<div class=\"jet-images-layout__item col-desk-1 col-tab-2\">\n\t<div class=\"jet-images-layout__inner\">\n\t\t<div class=\"jet-images-layout__image-loader\"><span><\/span><\/div>\n\t\t<a class=\"jet-images-layout__link \" href=\"http:\/\/marbellaboatcharter.com\/wp-content\/uploads\/2022\/04\/Rinker-270-Marbella-Boat-Charter-06.jpg\" data-elementor-open-lightbox=\"yes\" data-elementor-lightbox-slideshow=\"18f2902\">\n\t\t\t<div class=\"jet-images-layout__image\">\n\t\t\t\t<img decoding=\"async\" class=\"jet-images-layout__image-instance\" src=\"https:\/\/marbellaboatcharter.com\/wp-content\/uploads\/2022\/04\/Rinker-270-Marbella-Boat-Charter-06.jpg\" alt=\"Rinker-270-Marbella-Boat-Charter-06\" loading=\"lazy\" title=\"\">\t\t\t<\/div>\n\t\t\t<div class=\"jet-images-layout__content\"><\/div>\n\t\t<\/a>\n\t<\/div>\n<\/div>\n<\/div><\/div>\n<\/div>\t\t\t\t<\/div>\n\t\t\t\t<\/div>\n\t\t\t\t<section class=\"elementor-section elementor-inner-section elementor-element elementor-element-1a85782 elementor-section-boxed elementor-section-height-default elementor-section-height-default\" data-id=\"1a85782\" data-element_type=\"section\" data-e-type=\"section\" data-settings=\"{&quot;jet_parallax_layout_list&quot;:[{&quot;jet_parallax_layout_image&quot;:{&quot;url&quot;:&quot;&quot;,&quot;id&quot;:&quot;&quot;,&quot;size&quot;:&quot;&quot;},&quot;_id&quot;:&quot;49eb387&quot;,&quot;jet_parallax_layout_image_tablet&quot;:{&quot;url&quot;:&quot;&quot;,&quot;id&quot;:&quot;&quot;,&quot;size&quot;:&quot;&quot;},&quot;jet_parallax_layout_image_mobile&quot;:{&quot;url&quot;:&quot;&quot;,&quot;id&quot;:&quot;&quot;,&quot;size&quot;:&quot;&quot;},&quot;jet_parallax_layout_speed&quot;:{&quot;unit&quot;:&quot;%&quot;,&quot;size&quot;:50,&quot;sizes&quot;:[]},&quot;jet_parallax_layout_type&quot;:&quot;scroll&quot;,&quot;jet_parallax_layout_direction&quot;:&quot;1&quot;,&quot;jet_parallax_layout_fx_direction&quot;:null,&quot;jet_parallax_layout_z_index&quot;:&quot;&quot;,&quot;jet_parallax_layout_bg_x&quot;:50,&quot;jet_parallax_layout_bg_x_tablet&quot;:&quot;&quot;,&quot;jet_parallax_layout_bg_x_mobile&quot;:&quot;&quot;,&quot;jet_parallax_layout_bg_y&quot;:50,&quot;jet_parallax_layout_bg_y_tablet&quot;:&quot;&quot;,&quot;jet_parallax_layout_bg_y_mobile&quot;:&quot;&quot;,&quot;jet_parallax_layout_bg_size&quot;:&quot;auto&quot;,&quot;jet_parallax_layout_bg_size_tablet&quot;:&quot;&quot;,&quot;jet_parallax_layout_bg_size_mobile&quot;:&quot;&quot;,&quot;jet_parallax_layout_animation_prop&quot;:&quot;transform&quot;,&quot;jet_parallax_layout_on&quot;:[&quot;desktop&quot;,&quot;tablet&quot;]}]}\">\n\t\t\t\t\t\t<div class=\"elementor-container elementor-column-gap-default\">\n\t\t\t\t\t<div class=\"elementor-column elementor-col-50 elementor-inner-column elementor-element elementor-element-75239ed\" data-id=\"75239ed\" data-element_type=\"column\" data-e-type=\"column\">\n\t\t\t<div class=\"elementor-widget-wrap elementor-element-populated\">\n\t\t\t\t\t\t<div class=\"elementor-element elementor-element-21d58e9 elementor-widget elementor-widget-image\" data-id=\"21d58e9\" data-element_type=\"widget\" data-e-type=\"widget\" data-widget_type=\"image.default\">\n\t\t\t\t<div class=\"elementor-widget-container\">\n\t\t\t\t\t\t\t\t\t\t\t\t\t\t\t\t<a href=\"https:\/\/www.tripadvisor.es\/Attraction_Review-g187439-d7034622-Reviews-Marbella_Boat_Charter-Marbella_Costa_del_Sol_Province_of_Malaga_Andalucia.html\" target=\"_blank\" rel=\"nofollow noopener\">\n\t\t\t\t\t\t\t<img decoding=\"async\" width=\"329\" height=\"65\" src=\"https:\/\/marbellaboatcharter.com\/wp-content\/uploads\/2022\/02\/TRIPADVISOR-marbella-boat-charter.jpg\" class=\"attachment-full size-full wp-image-783\" alt=\"\" srcset=\"https:\/\/marbellaboatcharter.com\/wp-content\/uploads\/2022\/02\/TRIPADVISOR-marbella-boat-charter.jpg 329w, https:\/\/marbellaboatcharter.com\/wp-content\/uploads\/2022\/02\/TRIPADVISOR-marbella-boat-charter-300x59.jpg 300w\" sizes=\"(max-width: 329px) 100vw, 329px\" title=\"\">\t\t\t\t\t\t\t\t<\/a>\n\t\t\t\t\t\t\t\t\t\t\t\t\t\t\t<\/div>\n\t\t\t\t<\/div>\n\t\t\t\t\t<\/div>\n\t\t<\/div>\n\t\t\t\t<div class=\"elementor-column elementor-col-50 elementor-inner-column elementor-element elementor-element-6c32527\" data-id=\"6c32527\" data-element_type=\"column\" data-e-type=\"column\">\n\t\t\t<div class=\"elementor-widget-wrap elementor-element-populated\">\n\t\t\t\t\t\t<div class=\"elementor-element elementor-element-2abf86c elementor-widget elementor-widget-image\" data-id=\"2abf86c\" data-element_type=\"widget\" data-e-type=\"widget\" data-widget_type=\"image.default\">\n\t\t\t\t<div class=\"elementor-widget-container\">\n\t\t\t\t\t\t\t\t\t\t\t\t\t\t\t\t<a href=\"https:\/\/www.google.com\/search?q=marbella%20boat%20charter&#038;rlz=1C1CHBD_esES925ES925&#038;oq=marbella+boat+charter&#038;aqs=chrome.0.69i59l2j0i22i30l3j69i61l2j69i60.2183j0j9&#038;sourceid=chrome&#038;ie=UTF-8&#038;tbs=lf:1,lf_ui:14&#038;tbm=lcl&#038;rflfq=1&#038;num=10&#038;rldimm=14419698349554126352&#038;lqi=ChVtYXJiZWxsYSBib2F0IGNoYXJ0ZXJaHSIVbWFyYmVsbGEgYm9hdCBjaGFydGVyKgQIAhABkgETYm9hdF9yZW50YWxfc2VydmljZQ&#038;phdesc=eua3Xly3L-4&#038;ved=2ahUKEwi_nPrt_uX1AhVChRoKHT4hBAoQvS56BAgREEo&#038;rlst=f#lrd=0xd7329c6c3d9e27f:0xc81d0f400575ce10,1,,,&#038;rlfi=hd:;si:14419698349554126352,l,ChVtYXJiZWxsYSBib2F0IGNoYXJ0ZXJaHSIVbWFyYmVsbGEgYm9hdCBjaGFydGVyKgQIAhABkgETYm9hdF9yZW50YWxfc2VydmljZQ,y,eua3Xly3L-4;mv:%5B%5B36.4889675,-4.9495476%5D,%5B36.487987499999996,-4.9525932%5D%5D;tbs:lrf:!1m4!1u3!2m2!3m1!1e1!1m4!1u2!2m2!2m1!1e1!2m1!1e2!2m1!1e3!3sIAE,lf:1,lf_ui:14\" target=\"_blank\" rel=\"nofollow noopener\">\n\t\t\t\t\t\t\t<img decoding=\"async\" width=\"329\" height=\"65\" src=\"https:\/\/marbellaboatcharter.com\/wp-content\/uploads\/2022\/02\/Google-Reviews-marbella-boat-charter.jpg\" class=\"attachment-full size-full wp-image-786\" alt=\"\" srcset=\"https:\/\/marbellaboatcharter.com\/wp-content\/uploads\/2022\/02\/Google-Reviews-marbella-boat-charter.jpg 329w, https:\/\/marbellaboatcharter.com\/wp-content\/uploads\/2022\/02\/Google-Reviews-marbella-boat-charter-300x59.jpg 300w\" sizes=\"(max-width: 329px) 100vw, 329px\" title=\"\">\t\t\t\t\t\t\t\t<\/a>\n\t\t\t\t\t\t\t\t\t\t\t\t\t\t\t<\/div>\n\t\t\t\t<\/div>\n\t\t\t\t\t<\/div>\n\t\t<\/div>\n\t\t\t\t\t<\/div>\n\t\t<\/section>\n\t\t\t\t\t<\/div>\n\t\t<\/div>\n\t\t\t\t\t<\/div>\n\t\t<\/section>\n\t\t\t\t<\/div>\n\t\t","protected":false},"excerpt":{"rendered":"<p>Croisi\u00e8re de Luxe Profitez d\u2019un moment de d\u00e9tente en mer, d\u2019un voyage le long de la c\u00f4te en prenant un bain de soleil, en vous arr\u00eatant pour vous baigner o\u00f9 vous le souhaitez. Savourez de d\u00e9licieux plats sur un yacht de luxe ou, si vous le souhaitez, visitez les c\u00e9l\u00e8bres bars de plage \u00e0 bord [&hellip;]<\/p>\n","protected":false},"author":1,"featured_media":0,"parent":0,"menu_order":0,"comment_status":"closed","ping_status":"closed","template":"","meta":{"_acf_changed":false,"rs_blank_template":"","rs_page_bg_color":"","slide_template_v7":"","site-sidebar-layout":"no-sidebar","site-content-layout":"page-builder","ast-site-content-layout":"default","site-content-style":"default","site-sidebar-style":"default","ast-global-header-display":"","ast-banner-title-visibility":"","ast-main-header-display":"","ast-hfb-above-header-display":"","ast-hfb-below-header-display":"","ast-hfb-mobile-header-display":"","site-post-title":"disabled","ast-breadcrumbs-content":"","ast-featured-img":"disabled","footer-sml-layout":"","theme-transparent-header-meta":"disabled","adv-header-id-meta":"","stick-header-meta":"","header-above-stick-meta":"","header-main-stick-meta":"","header-below-stick-meta":"","astra-migrate-meta-layouts":"default","ast-page-background-enabled":"default","ast-page-background-meta":{"desktop":{"background-color":"var(--ast-global-color-4)","background-image":"","background-repeat":"repeat","background-position":"center center","background-size":"auto","background-attachment":"scroll","background-type":"","background-media":"","overlay-type":"","overlay-color":"","overlay-opacity":"","overlay-gradient":""},"tablet":{"background-color":"","background-image":"","background-repeat":"repeat","background-position":"center center","background-size":"auto","background-attachment":"scroll","background-type":"","background-media":"","overlay-type":"","overlay-color":"","overlay-opacity":"","overlay-gradient":""},"mobile":{"background-color":"","background-image":"","background-repeat":"repeat","background-position":"center center","background-size":"auto","background-attachment":"scroll","background-type":"","background-media":"","overlay-type":"","overlay-color":"","overlay-opacity":"","overlay-gradient":""}},"ast-content-background-meta":{"desktop":{"background-color":"var(--ast-global-color-5)","background-image":"","background-repeat":"repeat","background-position":"center center","background-size":"auto","background-attachment":"scroll","background-type":"","background-media":"","overlay-type":"","overlay-color":"","overlay-opacity":"","overlay-gradient":""},"tablet":{"background-color":"var(--ast-global-color-5)","background-image":"","background-repeat":"repeat","background-position":"center center","background-size":"auto","background-attachment":"scroll","background-type":"","background-media":"","overlay-type":"","overlay-color":"","overlay-opacity":"","overlay-gradient":""},"mobile":{"background-color":"var(--ast-global-color-5)","background-image":"","background-repeat":"repeat","background-position":"center center","background-size":"auto","background-attachment":"scroll","background-type":"","background-media":"","overlay-type":"","overlay-color":"","overlay-opacity":"","overlay-gradient":""}},"_joinchat":[],"footnotes":""},"class_list":["post-5689","page","type-page","status-publish","hentry"],"acf":[],"_links":{"self":[{"href":"https:\/\/marbellaboatcharter.com\/fr\/wp-json\/wp\/v2\/pages\/5689","targetHints":{"allow":["GET"]}}],"collection":[{"href":"https:\/\/marbellaboatcharter.com\/fr\/wp-json\/wp\/v2\/pages"}],"about":[{"href":"https:\/\/marbellaboatcharter.com\/fr\/wp-json\/wp\/v2\/types\/page"}],"author":[{"embeddable":true,"href":"https:\/\/marbellaboatcharter.com\/fr\/wp-json\/wp\/v2\/users\/1"}],"replies":[{"embeddable":true,"href":"https:\/\/marbellaboatcharter.com\/fr\/wp-json\/wp\/v2\/comments?post=5689"}],"version-history":[{"count":3,"href":"https:\/\/marbellaboatcharter.com\/fr\/wp-json\/wp\/v2\/pages\/5689\/revisions"}],"predecessor-version":[{"id":19356,"href":"https:\/\/marbellaboatcharter.com\/fr\/wp-json\/wp\/v2\/pages\/5689\/revisions\/19356"}],"wp:attachment":[{"href":"https:\/\/marbellaboatcharter.com\/fr\/wp-json\/wp\/v2\/media?parent=5689"}],"curies":[{"name":"wp","href":"https:\/\/api.w.org\/{rel}","templated":true}]}}