{"id":4370,"date":"2022-04-25T09:53:55","date_gmt":"2022-04-25T07:53:55","guid":{"rendered":"http:\/\/marbellaboatcharter.com\/booking-terms\/"},"modified":"2022-04-29T10:50:56","modified_gmt":"2022-04-29T08:50:56","slug":"condiciones-reservas","status":"publish","type":"page","link":"https:\/\/marbellaboatcharter.com\/es\/condiciones-reservas\/","title":{"rendered":"Condiciones de Reserva"},"content":{"rendered":"\t\t<div data-elementor-type=\"wp-page\" data-elementor-id=\"4370\" class=\"elementor elementor-4370 elementor-2272\" data-elementor-post-type=\"page\">\n\t\t\t\t\t\t<section class=\"elementor-section elementor-top-section elementor-element elementor-element-8fc63a2 elementor-section-boxed elementor-section-height-default elementor-section-height-default\" data-id=\"8fc63a2\" data-element_type=\"section\" data-settings=\",&quot;_id&quot;:&quot;662a76e&quot;,&quot;jet_parallax_layout_image_tablet&quot;:{&quot;url&quot;:&quot;&quot;,&quot;id&quot;:&quot;&quot;,&quot;size&quot;:&quot;&quot;},&quot;jet_parallax_layout_image_mobile&quot;:{&quot;url&quot;:&quot;&quot;,&quot;id&quot;:&quot;&quot;,&quot;size&quot;:&quot;&quot;},&quot;jet_parallax_layout_speed&quot;:{&quot;unit&quot;:&quot;%&quot;,&quot;size&quot;:50,&quot;sizes&quot;:[]},&quot;jet_parallax_layout_type&quot;:&quot;scroll&quot;,&quot;jet_parallax_layout_direction&quot;:&quot;1&quot;,&quot;jet_parallax_layout_fx_direction&quot;:null,&quot;jet_parallax_layout_z_index&quot;:&quot;&quot;,&quot;jet_parallax_layout_bg_x&quot;:50,&quot;jet_parallax_layout_bg_x_tablet&quot;:&quot;&quot;,&quot;jet_parallax_layout_bg_x_mobile&quot;:&quot;&quot;,&quot;jet_parallax_layout_bg_y&quot;:50,&quot;jet_parallax_layout_bg_y_tablet&quot;:&quot;&quot;,&quot;jet_parallax_layout_bg_y_mobile&quot;:&quot;&quot;,&quot;jet_parallax_layout_bg_size&quot;:&quot;auto&quot;,&quot;jet_parallax_layout_bg_size_tablet&quot;:&quot;&quot;,&quot;jet_parallax_layout_bg_size_mobile&quot;:&quot;&quot;,&quot;jet_parallax_layout_animation_prop&quot;:&quot;transform&quot;,&quot;jet_parallax_layout_on&quot;:[&quot;desktop&quot;,&quot;tablet&quot;]}],&quot;background_background&quot;:&quot;classic&quot;}\">\n\t\t\t\t\t\t<div class=\"elementor-container elementor-column-gap-default\">\n\t\t\t\t\t<div class=\"elementor-column elementor-col-100 elementor-top-column elementor-element elementor-element-7bf96d2\" data-id=\"7bf96d2\" data-element_type=\"column\">\n\t\t\t<div class=\"elementor-widget-wrap elementor-element-populated\">\n\t\t\t\t\t\t<div class=\"elementor-element elementor-element-3726cf9 elementor-widget elementor-widget-heading\" data-id=\"3726cf9\" data-element_type=\"widget\" data-widget_type=\"heading.default\">\n\t\t\t\t<div class=\"elementor-widget-container\">\n\t\t\t\t\t<h1 class=\"elementor-heading-title elementor-size-default\">Condiciones de Reserva<\/h1>\t\t\t\t<\/div>\n\t\t\t\t<\/div>\n\t\t\t\t\t<\/div>\n\t\t<\/div>\n\t\t\t\t\t<\/div>\n\t\t<\/section>\n\t\t\t\t<section class=\"elementor-section elementor-top-section elementor-element elementor-element-bbc3a40 elementor-section-boxed elementor-section-height-default elementor-section-height-default\" data-id=\"bbc3a40\" data-element_type=\"section\" data-settings=\"{&quot;jet_parallax_layout_list&quot;:[]}\">\n\t\t\t\t\t\t<div class=\"elementor-container elementor-column-gap-default\">\n\t\t\t\t\t<div class=\"elementor-column elementor-col-100 elementor-top-column elementor-element elementor-element-d428f72\" data-id=\"d428f72\" data-element_type=\"column\">\n\t\t\t<div class=\"elementor-widget-wrap elementor-element-populated\">\n\t\t\t\t\t\t<div class=\"elementor-element elementor-element-0feff41 elementor-widget elementor-widget-heading\" data-id=\"0feff41\" data-element_type=\"widget\" data-widget_type=\"heading.default\">\n\t\t\t\t<div class=\"elementor-widget-container\">\n\t\t\t\t\t<h2 class=\"elementor-heading-title elementor-size-default\">Condiciones de Reserva Marbella Boat Charter<\/h2>\t\t\t\t<\/div>\n\t\t\t\t<\/div>\n\t\t\t\t<div class=\"elementor-element elementor-element-9a1dd9d elementor-widget elementor-widget-text-editor\" data-id=\"9a1dd9d\" data-element_type=\"widget\" data-widget_type=\"text-editor.default\">\n\t\t\t\t<div class=\"elementor-widget-container\">\n\t\t\t\t\t\t\t\t\tEl procedimiento para realizar una reserva es el abono de un dep\u00f3sito por el 50% y el resto al menos 7 d\u00edas antes.\t\t\t\t\t\t\t\t<\/div>\n\t\t\t\t<\/div>\n\t\t\t\t<div class=\"elementor-element elementor-element-2328438 elementor-widget elementor-widget-heading\" data-id=\"2328438\" data-element_type=\"widget\" data-widget_type=\"heading.default\">\n\t\t\t\t<div class=\"elementor-widget-container\">\n\t\t\t\t\t<h3 class=\"elementor-heading-title elementor-size-default\">T\u00e9rminos de cancelaci\u00f3n:<\/h3>\t\t\t\t<\/div>\n\t\t\t\t<\/div>\n\t\t\t\t<div class=\"elementor-element elementor-element-507b51b elementor-widget elementor-widget-text-editor\" data-id=\"507b51b\" data-element_type=\"widget\" data-widget_type=\"text-editor.default\">\n\t\t\t\t<div class=\"elementor-widget-container\">\n\t\t\t\t\t\t\t\t\t<p><strong>Por causas meteorol\u00f3gicas:<\/strong> Devoluci\u00f3n completa.<\/p><p><strong>Por causas t\u00e9cnicas:<\/strong> (fallo o aver\u00eda de la embarcaci\u00f3n): Se busca sustituci\u00f3n por una embarcaci\u00f3n igual o mejor o se realiza la devoluci\u00f3n completa.<\/p><p><strong>Si la cancelaci\u00f3n es por decisi\u00f3n del clientes ser\u00e1n aplicables los siguientes gastos:<\/strong><\/p><ul><li><u>Hasta 45 d\u00edas antes<\/u>: Devoluci\u00f3n completa.<\/li><li><u>Entre 45 y 30 d\u00edas<\/u>: 20% del precio del alquiler.<\/li><li><u>Entre 30 y 15 d\u00edas<\/u>: 50% del precio del alquiler.<\/li><li><u>Menos de 15 d\u00edas<\/u>: 100% del precio del alquiler.<\/li><\/ul>\t\t\t\t\t\t\t\t<\/div>\n\t\t\t\t<\/div>\n\t\t\t\t\t<\/div>\n\t\t<\/div>\n\t\t\t\t\t<\/div>\n\t\t<\/section>\n\t\t\t\t<\/div>\n\t\t","protected":false},"excerpt":{"rendered":"<p>Condiciones de Reserva Condiciones de Reserva Marbella Boat Charter El procedimiento para realizar una reserva es el abono de un dep\u00f3sito por el 50% y el resto al menos 7 d\u00edas antes. T\u00e9rminos de cancelaci\u00f3n: Por causas meteorol\u00f3gicas: Devoluci\u00f3n completa. Por causas t\u00e9cnicas: (fallo o aver\u00eda de la embarcaci\u00f3n): Se busca sustituci\u00f3n por una embarcaci\u00f3n [&hellip;]<\/p>\n","protected":false},"author":1,"featured_media":0,"parent":0,"menu_order":0,"comment_status":"closed","ping_status":"closed","template":"","meta":{"_acf_changed":false,"site-sidebar-layout":"no-sidebar","site-content-layout":"page-builder","ast-site-content-layout":"default","site-content-style":"default","site-sidebar-style":"default","ast-global-header-display":"","ast-banner-title-visibility":"","ast-main-header-display":"","ast-hfb-above-header-display":"","ast-hfb-below-header-display":"","ast-hfb-mobile-header-display":"","site-post-title":"disabled","ast-breadcrumbs-content":"","ast-featured-img":"disabled","footer-sml-layout":"","theme-transparent-header-meta":"enabled","adv-header-id-meta":"","stick-header-meta":"","header-above-stick-meta":"","header-main-stick-meta":"","header-below-stick-meta":"","astra-migrate-meta-layouts":"default","ast-page-background-enabled":"default","ast-page-background-meta":{"desktop":{"background-color":"var(--ast-global-color-4)","background-image":"","background-repeat":"repeat","background-position":"center center","background-size":"auto","background-attachment":"scroll","background-type":"","background-media":"","overlay-type":"","overlay-color":"","overlay-opacity":"","overlay-gradient":""},"tablet":{"background-color":"","background-image":"","background-repeat":"repeat","background-position":"center center","background-size":"auto","background-attachment":"scroll","background-type":"","background-media":"","overlay-type":"","overlay-color":"","overlay-opacity":"","overlay-gradient":""},"mobile":{"background-color":"","background-image":"","background-repeat":"repeat","background-position":"center center","background-size":"auto","background-attachment":"scroll","background-type":"","background-media":"","overlay-type":"","overlay-color":"","overlay-opacity":"","overlay-gradient":""}},"ast-content-background-meta":{"desktop":{"background-color":"var(--ast-global-color-5)","background-image":"","background-repeat":"repeat","background-position":"center center","background-size":"auto","background-attachment":"scroll","background-type":"","background-media":"","overlay-type":"","overlay-color":"","overlay-opacity":"","overlay-gradient":""},"tablet":{"background-color":"var(--ast-global-color-5)","background-image":"","background-repeat":"repeat","background-position":"center center","background-size":"auto","background-attachment":"scroll","background-type":"","background-media":"","overlay-type":"","overlay-color":"","overlay-opacity":"","overlay-gradient":""},"mobile":{"background-color":"var(--ast-global-color-5)","background-image":"","background-repeat":"repeat","background-position":"center center","background-size":"auto","background-attachment":"scroll","background-type":"","background-media":"","overlay-type":"","overlay-color":"","overlay-opacity":"","overlay-gradient":""}},"_joinchat":[],"footnotes":""},"class_list":["post-4370","page","type-page","status-publish","hentry"],"acf":[],"yoast_head":"<!-- This site is optimized with the Yoast SEO plugin v25.4 - https:\/\/yoast.com\/wordpress\/plugins\/seo\/ -->\n<title>Condiciones de Reserva - Marbella Boat Charter<\/title>\n<meta name=\"robots\" content=\"index, follow, max-snippet:-1, max-image-preview:large, max-video-preview:-1\" \/>\n<link rel=\"canonical\" href=\"https:\/\/marbellaboatcharter.com\/es\/condiciones-reservas\/\" \/>\n<meta property=\"og:locale\" content=\"es_ES\" \/>\n<meta property=\"og:type\" content=\"article\" \/>\n<meta property=\"og:title\" content=\"Condiciones de Reserva - Marbella Boat Charter\" \/>\n<meta property=\"og:description\" content=\"Condiciones de Reserva Condiciones de Reserva Marbella Boat Charter El procedimiento para realizar una reserva es el abono de un dep\u00f3sito por el 50% y el resto al menos 7 d\u00edas antes. T\u00e9rminos de cancelaci\u00f3n: Por causas meteorol\u00f3gicas: Devoluci\u00f3n completa. Por causas t\u00e9cnicas: (fallo o aver\u00eda de la embarcaci\u00f3n): Se busca sustituci\u00f3n por una embarcaci\u00f3n [&hellip;]\" \/>\n<meta property=\"og:url\" content=\"https:\/\/marbellaboatcharter.com\/es\/condiciones-reservas\/\" \/>\n<meta property=\"og:site_name\" content=\"Marbella Boat Charter\" \/>\n<meta property=\"article:modified_time\" content=\"2022-04-29T08:50:56+00:00\" \/>\n<meta property=\"og:image\" content=\"https:\/\/marbellaboatcharter.com\/wp-content\/uploads\/2023\/05\/marbella-boat-charter.jpg\" \/>\n\t<meta property=\"og:image:width\" content=\"1200\" \/>\n\t<meta property=\"og:image:height\" content=\"675\" \/>\n\t<meta property=\"og:image:type\" content=\"image\/jpeg\" \/>\n<meta name=\"twitter:card\" content=\"summary_large_image\" \/>\n<meta name=\"twitter:label1\" content=\"Tiempo de lectura\" \/>\n\t<meta name=\"twitter:data1\" content=\"1 minuto\" \/>\n<script type=\"application\/ld+json\" class=\"yoast-schema-graph\">{\"@context\":\"https:\/\/schema.org\",\"@graph\":[{\"@type\":\"WebPage\",\"@id\":\"https:\/\/marbellaboatcharter.com\/es\/condiciones-reservas\/\",\"url\":\"https:\/\/marbellaboatcharter.com\/es\/condiciones-reservas\/\",\"name\":\"Condiciones de Reserva - Marbella Boat Charter\",\"isPartOf\":{\"@id\":\"https:\/\/marbellaboatcharter.com\/es\/#website\"},\"datePublished\":\"2022-04-25T07:53:55+00:00\",\"dateModified\":\"2022-04-29T08:50:56+00:00\",\"breadcrumb\":{\"@id\":\"https:\/\/marbellaboatcharter.com\/es\/condiciones-reservas\/#breadcrumb\"},\"inLanguage\":\"es\",\"potentialAction\":[{\"@type\":\"ReadAction\",\"target\":[\"https:\/\/marbellaboatcharter.com\/es\/condiciones-reservas\/\"]}]},{\"@type\":\"BreadcrumbList\",\"@id\":\"https:\/\/marbellaboatcharter.com\/es\/condiciones-reservas\/#breadcrumb\",\"itemListElement\":[{\"@type\":\"ListItem\",\"position\":1,\"name\":\"Portada\",\"item\":\"https:\/\/marbellaboatcharter.com\/es\/\"},{\"@type\":\"ListItem\",\"position\":2,\"name\":\"Condiciones de Reserva\"}]},{\"@type\":\"WebSite\",\"@id\":\"https:\/\/marbellaboatcharter.com\/es\/#website\",\"url\":\"https:\/\/marbellaboatcharter.com\/es\/\",\"name\":\"Marbella Boat Charter\",\"description\":\"Yacht Charter Marbella\",\"publisher\":{\"@id\":\"https:\/\/marbellaboatcharter.com\/es\/#organization\"},\"potentialAction\":[{\"@type\":\"SearchAction\",\"target\":{\"@type\":\"EntryPoint\",\"urlTemplate\":\"https:\/\/marbellaboatcharter.com\/es\/?s={search_term_string}\"},\"query-input\":{\"@type\":\"PropertyValueSpecification\",\"valueRequired\":true,\"valueName\":\"search_term_string\"}}],\"inLanguage\":\"es\"},{\"@type\":\"Organization\",\"@id\":\"https:\/\/marbellaboatcharter.com\/es\/#organization\",\"name\":\"Marbella Boat Charter\",\"url\":\"https:\/\/marbellaboatcharter.com\/es\/\",\"logo\":{\"@type\":\"ImageObject\",\"inLanguage\":\"es\",\"@id\":\"https:\/\/marbellaboatcharter.com\/es\/#\/schema\/logo\/image\/\",\"url\":\"https:\/\/marbellaboatcharter.com\/wp-content\/uploads\/2023\/05\/Proyecto-nuevo-10-1.png\",\"contentUrl\":\"https:\/\/marbellaboatcharter.com\/wp-content\/uploads\/2023\/05\/Proyecto-nuevo-10-1.png\",\"width\":1080,\"height\":1080,\"caption\":\"Marbella Boat Charter\"},\"image\":{\"@id\":\"https:\/\/marbellaboatcharter.com\/es\/#\/schema\/logo\/image\/\"}}]}<\/script>\n<!-- \/ Yoast SEO plugin. -->","yoast_head_json":{"title":"Condiciones de Reserva - Marbella Boat Charter","robots":{"index":"index","follow":"follow","max-snippet":"max-snippet:-1","max-image-preview":"max-image-preview:large","max-video-preview":"max-video-preview:-1"},"canonical":"https:\/\/marbellaboatcharter.com\/es\/condiciones-reservas\/","og_locale":"es_ES","og_type":"article","og_title":"Condiciones de Reserva - Marbella Boat Charter","og_description":"Condiciones de Reserva Condiciones de Reserva Marbella Boat Charter El procedimiento para realizar una reserva es el abono de un dep\u00f3sito por el 50% y el resto al menos 7 d\u00edas antes. T\u00e9rminos de cancelaci\u00f3n: Por causas meteorol\u00f3gicas: Devoluci\u00f3n completa. Por causas t\u00e9cnicas: (fallo o aver\u00eda de la embarcaci\u00f3n): Se busca sustituci\u00f3n por una embarcaci\u00f3n [&hellip;]","og_url":"https:\/\/marbellaboatcharter.com\/es\/condiciones-reservas\/","og_site_name":"Marbella Boat Charter","article_modified_time":"2022-04-29T08:50:56+00:00","og_image":[{"width":1200,"height":675,"url":"https:\/\/marbellaboatcharter.com\/wp-content\/uploads\/2023\/05\/marbella-boat-charter.jpg","type":"image\/jpeg"}],"twitter_card":"summary_large_image","twitter_misc":{"Tiempo de lectura":"1 minuto"},"schema":{"@context":"https:\/\/schema.org","@graph":[{"@type":"WebPage","@id":"https:\/\/marbellaboatcharter.com\/es\/condiciones-reservas\/","url":"https:\/\/marbellaboatcharter.com\/es\/condiciones-reservas\/","name":"Condiciones de Reserva - Marbella Boat Charter","isPartOf":{"@id":"https:\/\/marbellaboatcharter.com\/es\/#website"},"datePublished":"2022-04-25T07:53:55+00:00","dateModified":"2022-04-29T08:50:56+00:00","breadcrumb":{"@id":"https:\/\/marbellaboatcharter.com\/es\/condiciones-reservas\/#breadcrumb"},"inLanguage":"es","potentialAction":[{"@type":"ReadAction","target":["https:\/\/marbellaboatcharter.com\/es\/condiciones-reservas\/"]}]},{"@type":"BreadcrumbList","@id":"https:\/\/marbellaboatcharter.com\/es\/condiciones-reservas\/#breadcrumb","itemListElement":[{"@type":"ListItem","position":1,"name":"Portada","item":"https:\/\/marbellaboatcharter.com\/es\/"},{"@type":"ListItem","position":2,"name":"Condiciones de Reserva"}]},{"@type":"WebSite","@id":"https:\/\/marbellaboatcharter.com\/es\/#website","url":"https:\/\/marbellaboatcharter.com\/es\/","name":"Marbella Boat Charter","description":"Yacht Charter Marbella","publisher":{"@id":"https:\/\/marbellaboatcharter.com\/es\/#organization"},"potentialAction":[{"@type":"SearchAction","target":{"@type":"EntryPoint","urlTemplate":"https:\/\/marbellaboatcharter.com\/es\/?s={search_term_string}"},"query-input":{"@type":"PropertyValueSpecification","valueRequired":true,"valueName":"search_term_string"}}],"inLanguage":"es"},{"@type":"Organization","@id":"https:\/\/marbellaboatcharter.com\/es\/#organization","name":"Marbella Boat Charter","url":"https:\/\/marbellaboatcharter.com\/es\/","logo":{"@type":"ImageObject","inLanguage":"es","@id":"https:\/\/marbellaboatcharter.com\/es\/#\/schema\/logo\/image\/","url":"https:\/\/marbellaboatcharter.com\/wp-content\/uploads\/2023\/05\/Proyecto-nuevo-10-1.png","contentUrl":"https:\/\/marbellaboatcharter.com\/wp-content\/uploads\/2023\/05\/Proyecto-nuevo-10-1.png","width":1080,"height":1080,"caption":"Marbella Boat Charter"},"image":{"@id":"https:\/\/marbellaboatcharter.com\/es\/#\/schema\/logo\/image\/"}}]}},"_links":{"self":[{"href":"https:\/\/marbellaboatcharter.com\/es\/wp-json\/wp\/v2\/pages\/4370","targetHints":{"allow":["GET"]}}],"collection":[{"href":"https:\/\/marbellaboatcharter.com\/es\/wp-json\/wp\/v2\/pages"}],"about":[{"href":"https:\/\/marbellaboatcharter.com\/es\/wp-json\/wp\/v2\/types\/page"}],"author":[{"embeddable":true,"href":"https:\/\/marbellaboatcharter.com\/es\/wp-json\/wp\/v2\/users\/1"}],"replies":[{"embeddable":true,"href":"https:\/\/marbellaboatcharter.com\/es\/wp-json\/wp\/v2\/comments?post=4370"}],"version-history":[{"count":0,"href":"https:\/\/marbellaboatcharter.com\/es\/wp-json\/wp\/v2\/pages\/4370\/revisions"}],"wp:attachment":[{"href":"https:\/\/marbellaboatcharter.com\/es\/wp-json\/wp\/v2\/media?parent=4370"}],"curies":[{"name":"wp","href":"https:\/\/api.w.org\/{rel}","templated":true}]}}